{"id":269,"date":"2023-11-16T19:54:30","date_gmt":"2023-11-16T19:54:30","guid":{"rendered":"https:\/\/www.hdmmotion.ch\/?page_id=269"},"modified":"2024-12-05T13:09:51","modified_gmt":"2024-12-05T13:09:51","slug":"erdbewegungsmaschinen-2-2-2-2","status":"publish","type":"page","link":"https:\/\/www.filus-system.de\/?page_id=269","title":{"rendered":"Disclaimer &#038; Impressum"},"content":{"rendered":"<p>[et_pb_section fb_built=&#8220;1&#8243; admin_label=&#8220;About&#8220; _builder_version=&#8220;4.27.0&#8243; custom_margin=&#8220;||||false|false&#8220; custom_margin_tablet=&#8220;||||false|false&#8220; custom_margin_phone=&#8220;||742px||false|false&#8220; custom_margin_last_edited=&#8220;on|phone&#8220; custom_padding=&#8220;4px||||false|false&#8220; global_colors_info=&#8220;{}&#8220;][et_pb_row _builder_version=&#8220;4.27.0&#8243; custom_margin_tablet=&#8220;-20px||||false|false&#8220; custom_margin_phone=&#8220;-55px||||false|false&#8220; custom_margin_last_edited=&#8220;on|phone&#8220; custom_padding=&#8220;61px||32px|||&#8220; global_colors_info=&#8220;{}&#8220;][et_pb_column type=&#8220;4_4&#8243; _builder_version=&#8220;4.16&#8243; custom_padding=&#8220;|||&#8220; global_colors_info=&#8220;{}&#8220; custom_padding__hover=&#8220;|||&#8220;][et_pb_heading title=&#8220;Disclaimer und Impressum&#8220; _builder_version=&#8220;4.27.0&#8243; _module_preset=&#8220;default&#8220; title_font=&#8220;Montserrat|600|||||||&#8220; title_text_color=&#8220;#8f7d50&#8243; title_font_size=&#8220;25px&#8220; custom_margin_tablet=&#8220;&#8220; custom_margin_phone=&#8220;16px||||false|false&#8220; custom_margin_last_edited=&#8220;on|phone&#8220; title_text_align_tablet=&#8220;&#8220; title_text_align_phone=&#8220;center&#8220; title_text_align_last_edited=&#8220;on|phone&#8220; title_font_size_tablet=&#8220;28px&#8220; title_font_size_phone=&#8220;22px&#8220; title_font_size_last_edited=&#8220;on|phone&#8220; global_colors_info=&#8220;{}&#8220;][\/et_pb_heading][et_pb_text _builder_version=&#8220;4.27.0&#8243; _module_preset=&#8220;default&#8220; text_font=&#8220;Montserrat||||||||&#8220; text_font_size=&#8220;15px&#8220; text_line_height=&#8220;1.8em&#8220; header_font=&#8220;Montserrat|700|||||||&#8220; header_font_size=&#8220;20px&#8220; height=&#8220;956px&#8220; custom_margin_tablet=&#8220;&#8220; custom_margin_phone=&#8220;-18px||||false|false&#8220; custom_margin_last_edited=&#8220;on|phone&#8220; custom_padding=&#8220;|0px||||&#8220; inline_fonts=&#8220;Montserrat&#8220; global_colors_info=&#8220;{}&#8220;]<\/p>\n<p style=\"text-align: left;\"><span style=\"color: #000000;\">Die auf dieser Internetseite enthaltenen Informationen dienen ausschliesslich zu Informationszwecken.<\/span><\/p>\n<p class=\"p5\" style=\"text-align: left;\"><span style=\"color: #000000;\">Obwohl wir darauf bedacht sind, die Zuverl\u00e4ssigkeit der auf dieser Internetseite zur Verf\u00fcgung gestellten Informationen sicherzustellen, wird jegliche Haftung oder Verantwortung f\u00fcr Fehler und Auslassungen oder f\u00fcr die aus der Verwendung dieser Informationen erlangten Resultate ausgeschlossen. Weiter wird jede Haftung oder Verantwortung f\u00fcr den Inhalt von anderen Internetseiten, welche mit dieser Internetseite verlinkt sind, abgelehnt.<span class=\"Apple-converted-space\">\u00a0<\/span><\/span><\/p>\n<p class=\"p5\" style=\"text-align: left;\"><span style=\"color: #000000;\">Obwohl der Eingang von E-Mails an jedem Werktag kontinuierlich kontrolliert wird, kann keine Garantie f\u00fcr deren zeitgerechte Bearbeitung \u00fcbernommen werden. Es wird darauf aufmerksam gemacht, dass die Kommunikation mittels E-Mail infolge technischer Eigenheiten des Internets weder sicher noch vertraulich ist. Es wird empfehlen, f\u00fcr die \u00dcbermittlung vertraulicher Informationen die Briefpost zu verwenden. Sollte ein Kontakt per E-Mail erfolgen, wird die Erm\u00e4chtigung erteilt, in entsprechender Angelegenheit per E-Mail zu kommunizieren.<\/span><\/p>\n<p><span class=\"Apple-converted-space\" style=\"color: #000000;\"><\/span><\/p>\n<h1><span style=\"color: #000000;\"><span class=\"s1\"><strong><br \/>Angaben gem\u00e4\u00df \u00a7 5 TMG<\/strong><\/span><\/span><\/h1>\n<p>&nbsp;<\/p>\n<p><strong style=\"font-size: 15px; color: #000000;\">Mayr Andreas<\/strong><\/p>\n<p><span style=\"color: #000000;\"><span class=\"s1\">Fr\u00f6belstrasse 6<br \/>94315 Straubing<br \/><\/span><\/span><\/p>\n<p><span style=\"color: #000000;\"><span class=\"s1\">Die Homepage des Filus-Systems ist eine private Homepage von Andreas Mayr.<br \/>Sie dient ausschlie\u00dflich als Informationsquelle.<\/span><\/span><\/p>\n<p><span style=\"color: #000000;\"><span class=\"s1\"><\/span><\/span><span style=\"color: #000000;\"><span class=\"s1\"><strong>Kontakt:<\/strong><br \/>Telefon: <span>09421 9689220<\/span><br \/>E-Mail: <span style=\"color: #8f7d50;\"><a href=\"mailto:info@filus.at\" style=\"color: #8f7d50;\">verwaltung@filus-system.de<\/a><\/span><\/span><\/span><span style=\"color: #000000;\"><span class=\"s1\"><span style=\"color: #8f7d50;\"><\/span><\/span><\/span><\/p>\n<p><span style=\"color: #000000;\"><span class=\"s1\"><strong>Redaktionell verantwortlich:<\/strong><br \/>Andreas Mayr<\/span><\/span><\/p>\n<p><span style=\"color: #000000;\"><strong>Verbraucherstreitbeilegung \/ Universalschlichtungsstelle:<br \/><\/strong>Wir sind nicht bereit oder dazu verpflichtet, an Streitbeilegungsverfahren vor einer Verbraucherschlichtungsstelle teilzunehmen.<\/span><\/p>\n<p><span style=\"color: #000000;\"><strong>Quelle:<\/strong><\/span><br \/><a href=\"https:\/\/www.e-recht24.de\/impressum-generator.html\"><span style=\"color: #8f7d50;\">https:\/\/www.e-recht24.de\/impressum-generator.html<\/span><\/a><\/p>\n<p><strong><\/strong><\/p>\n<p>&nbsp;<\/p>\n<p>&nbsp;<\/p>\n<p>[\/et_pb_text][\/et_pb_column][\/et_pb_row][\/et_pb_section]<\/p>\n","protected":false},"excerpt":{"rendered":"<p>Die auf dieser Internetseite enthaltenen Informationen dienen ausschliesslich zu Informationszwecken. Obwohl wir darauf bedacht sind, die Zuverl\u00e4ssigkeit der auf dieser Internetseite zur Verf\u00fcgung gestellten Informationen sicherzustellen, wird jegliche Haftung oder Verantwortung f\u00fcr Fehler und Auslassungen oder f\u00fcr die aus der Verwendung dieser Informationen erlangten Resultate ausgeschlossen. Weiter wird jede Haftung oder Verantwortung f\u00fcr den Inhalt [&hellip;]<\/p>\n","protected":false},"author":1,"featured_media":0,"parent":0,"menu_order":0,"comment_status":"closed","ping_status":"closed","template":"","meta":{"_et_pb_use_builder":"on","_et_pb_old_content":"","_et_gb_content_width":"","footnotes":""},"class_list":["post-269","page","type-page","status-publish","hentry"],"_links":{"self":[{"href":"https:\/\/www.filus-system.de\/index.php?rest_route=\/wp\/v2\/pages\/269","targetHints":{"allow":["GET"]}}],"collection":[{"href":"https:\/\/www.filus-system.de\/index.php?rest_route=\/wp\/v2\/pages"}],"about":[{"href":"https:\/\/www.filus-system.de\/index.php?rest_route=\/wp\/v2\/types\/page"}],"author":[{"embeddable":true,"href":"https:\/\/www.filus-system.de\/index.php?rest_route=\/wp\/v2\/users\/1"}],"replies":[{"embeddable":true,"href":"https:\/\/www.filus-system.de\/index.php?rest_route=%2Fwp%2Fv2%2Fcomments&post=269"}],"version-history":[{"count":29,"href":"https:\/\/www.filus-system.de\/index.php?rest_route=\/wp\/v2\/pages\/269\/revisions"}],"predecessor-version":[{"id":2009,"href":"https:\/\/www.filus-system.de\/index.php?rest_route=\/wp\/v2\/pages\/269\/revisions\/2009"}],"wp:attachment":[{"href":"https:\/\/www.filus-system.de\/index.php?rest_route=%2Fwp%2Fv2%2Fmedia&parent=269"}],"curies":[{"name":"wp","href":"https:\/\/api.w.org\/{rel}","templated":true}]}}