{"id":1428,"date":"2023-11-16T19:54:30","date_gmt":"2023-11-16T19:54:30","guid":{"rendered":"https:\/\/www.filus-system.de\/?page_id=1428"},"modified":"2024-09-03T08:04:42","modified_gmt":"2024-09-03T08:04:42","slug":"erdbewegungsmaschinen-2-3-2-3-2-2-3-2-2","status":"publish","type":"page","link":"https:\/\/www.filus-system.de\/?page_id=1428","title":{"rendered":"LVRG Gesetz"},"content":{"rendered":"<p>[et_pb_section fb_built=&#8220;1&#8243; _builder_version=&#8220;4.27.0&#8243; _module_preset=&#8220;default&#8220; min_height=&#8220;514px&#8220; global_colors_info=&#8220;{}&#8220;][et_pb_row _builder_version=&#8220;4.27.0&#8243; _module_preset=&#8220;default&#8220; animation_style=&#8220;fade&#8220; hover_enabled=&#8220;0&#8243; global_colors_info=&#8220;{}&#8220; custom_margin_last_edited=&#8220;on|phone&#8220; custom_margin_phone=&#8220;-42px||||false|false&#8220; sticky_enabled=&#8220;0&#8243;][et_pb_column type=&#8220;4_4&#8243; _builder_version=&#8220;4.27.0&#8243; _module_preset=&#8220;default&#8220; global_colors_info=&#8220;{}&#8220;][et_pb_heading title=&#8220;LVRG Gesetz&#8220; _builder_version=&#8220;4.27.0&#8243; _module_preset=&#8220;default&#8220; title_font=&#8220;Montserrat|600|||||||&#8220; title_text_color=&#8220;#8f7d50&#8243; hover_enabled=&#8220;0&#8243; global_colors_info=&#8220;{}&#8220; title_text_align_last_edited=&#8220;on|phone&#8220; title_text_align_phone=&#8220;center&#8220; title_font_size_last_edited=&#8220;on|phone&#8220; title_font_size_phone=&#8220;22px&#8220; sticky_enabled=&#8220;0&#8243;][\/et_pb_heading][\/et_pb_column][\/et_pb_row][et_pb_row _builder_version=&#8220;4.27.0&#8243; _module_preset=&#8220;default&#8220; custom_padding=&#8220;0px|||||&#8220; animation_style=&#8220;fade&#8220; hover_enabled=&#8220;0&#8243; global_colors_info=&#8220;{}&#8220; custom_margin_last_edited=&#8220;on|phone&#8220; custom_margin_phone=&#8220;-14px||||false|false&#8220; sticky_enabled=&#8220;0&#8243;][et_pb_column type=&#8220;4_4&#8243; _builder_version=&#8220;4.27.0&#8243; _module_preset=&#8220;default&#8220; global_colors_info=&#8220;{}&#8220;][et_pb_text _builder_version=&#8220;4.27.0&#8243; _module_preset=&#8220;default&#8220; text_font=&#8220;Montserrat||||||||&#8220; text_text_color=&#8220;#000000&#8243; text_font_size=&#8220;18px&#8220; text_line_height=&#8220;1.3em&#8220; hover_enabled=&#8220;0&#8243; global_colors_info=&#8220;{}&#8220; text_font_size_last_edited=&#8220;on|phone&#8220; text_font_size_phone=&#8220;16px&#8220; text_orientation_last_edited=&#8220;on|phone&#8220; text_orientation_phone=&#8220;center&#8220; sticky_enabled=&#8220;0&#8243; text_font_size_tablet=&#8220;18px&#8220;]<\/p>\n<p><span>Begriff: Artikelgesetz (Gesetz zur Absicherung stabiler und fairer Leistungen f\u00fcr Lebensversicherte)\u00a0<strong>vom 1.8.2014<\/strong>. Mit dem LVRG wurden das Versicherungsaufsichtsgesetz (VAG), das Versicherungsvertragsgesetz (VVG) sowie sieben weitere Verordnungen die Lebensversicherung betreffend ge\u00e4ndert.<\/span><\/p>\n<p><span><strong>BGH-Urteil 2018:\u00a0<\/strong>Wer eine Lebensversicherung hat, muss damit rechnen, dass seine Beteiligung an den Bewertungsreserven gek\u00fcrzt wird. Die wichtigsten Fragen und Antworten.<\/span><\/p>\n<p><span>Lebensversicherungen sind mit bundesweit 90 Millionen Vertr\u00e4gen der Altersvorsorgeklassiker schlechthin. Seit die Zinsen aber im Keller verharren, schmelzen die am Vertragsende ausgezahlten Summen. Das hat einen Streit \u00fcber die Frage entfacht, was Versicherungskunden bei Vertragsende rechtm\u00e4\u00dfig zusteht. Der Bundesgerichtshof (BGH) hat dazu nun ein Urteil gef\u00e4llt, das die aktuelle Praxis im Grundsatz als verfassungskonform best\u00e4tigt, aber Versicherern mehr Auskunftspflichten auferlegt.<\/span><\/p>\n<p><span><strong>Fall:<\/strong><\/span><br \/><span>Um welche Summen geht es f\u00fcr Versicherte?\u00a0 Der BDV klagt gegen die zum Ergo-Konzern z\u00e4hlende Victoria Lebensversicherung. Die hatte einem Kunden kurz vor der Gesetzes\u00e4nderung 2014 mitgeteilt, dass er f\u00fcr seine Lebenspolice unter Vorbehalt 2 821 Euro \u00dcberschussbeteiligung erwarten kann. Nach der Gesetzes\u00e4nderung sind daraus dann 149 Euro geworden.<\/span><\/p>\n<p><strong>Quellen:<\/strong><br \/><span style=\"color: #8f7d50;\"><a href=\"https:\/\/www.fr.de\/wirtschaft\/lebensversicherer-gewinnen-gericht-10983580.html\" style=\"color: #8f7d50;\">Lebensversicherer gewinnen<\/a><br \/><span><\/span><a href=\"https:\/\/www.versicherungsbote.de\/id\/4856447\/bdv-ergo-rechtsstreit-bewertungsreserven\/\" style=\"color: #8f7d50;\">Versicherungsbote Ergo<\/a><\/span><span style=\"color: #8f7d50;\"><\/span><\/p>\n<p>[\/et_pb_text][\/et_pb_column][\/et_pb_row][\/et_pb_section]<\/p>\n","protected":false},"excerpt":{"rendered":"<p>Begriff: Artikelgesetz (Gesetz zur Absicherung stabiler und fairer Leistungen f\u00fcr Lebensversicherte)\u00a0vom 1.8.2014. Mit dem LVRG wurden das Versicherungsaufsichtsgesetz (VAG), das Versicherungsvertragsgesetz (VVG) sowie sieben weitere Verordnungen die Lebensversicherung betreffend ge\u00e4ndert. BGH-Urteil 2018:\u00a0Wer eine Lebensversicherung hat, muss damit rechnen, dass seine Beteiligung an den Bewertungsreserven gek\u00fcrzt wird. Die wichtigsten Fragen und Antworten. Lebensversicherungen sind mit bundesweit [&hellip;]<\/p>\n","protected":false},"author":4,"featured_media":0,"parent":0,"menu_order":0,"comment_status":"closed","ping_status":"closed","template":"","meta":{"_et_pb_use_builder":"on","_et_pb_old_content":"","_et_gb_content_width":"","footnotes":""},"class_list":["post-1428","page","type-page","status-publish","hentry"],"_links":{"self":[{"href":"https:\/\/www.filus-system.de\/index.php?rest_route=\/wp\/v2\/pages\/1428","targetHints":{"allow":["GET"]}}],"collection":[{"href":"https:\/\/www.filus-system.de\/index.php?rest_route=\/wp\/v2\/pages"}],"about":[{"href":"https:\/\/www.filus-system.de\/index.php?rest_route=\/wp\/v2\/types\/page"}],"author":[{"embeddable":true,"href":"https:\/\/www.filus-system.de\/index.php?rest_route=\/wp\/v2\/users\/4"}],"replies":[{"embeddable":true,"href":"https:\/\/www.filus-system.de\/index.php?rest_route=%2Fwp%2Fv2%2Fcomments&post=1428"}],"version-history":[{"count":10,"href":"https:\/\/www.filus-system.de\/index.php?rest_route=\/wp\/v2\/pages\/1428\/revisions"}],"predecessor-version":[{"id":1928,"href":"https:\/\/www.filus-system.de\/index.php?rest_route=\/wp\/v2\/pages\/1428\/revisions\/1928"}],"wp:attachment":[{"href":"https:\/\/www.filus-system.de\/index.php?rest_route=%2Fwp%2Fv2%2Fmedia&parent=1428"}],"curies":[{"name":"wp","href":"https:\/\/api.w.org\/{rel}","templated":true}]}}