{"id":1411,"date":"2023-11-16T19:54:30","date_gmt":"2023-11-16T19:54:30","guid":{"rendered":"https:\/\/www.filus-system.de\/?page_id=1411"},"modified":"2024-09-03T08:03:27","modified_gmt":"2024-09-03T08:03:27","slug":"erdbewegungsmaschinen-2-3-2-3-2-2-2","status":"publish","type":"page","link":"https:\/\/www.filus-system.de\/?page_id=1411","title":{"rendered":"CAC Klausel"},"content":{"rendered":"<p>[et_pb_section fb_built=&#8220;1&#8243; _builder_version=&#8220;4.27.0&#8243; _module_preset=&#8220;default&#8220; min_height=&#8220;583px&#8220; global_colors_info=&#8220;{}&#8220;][et_pb_row _builder_version=&#8220;4.27.0&#8243; _module_preset=&#8220;default&#8220; animation_style=&#8220;fade&#8220; hover_enabled=&#8220;0&#8243; global_colors_info=&#8220;{}&#8220; custom_margin_last_edited=&#8220;on|phone&#8220; custom_margin_phone=&#8220;-46px||||false|false&#8220; sticky_enabled=&#8220;0&#8243;][et_pb_column type=&#8220;4_4&#8243; _builder_version=&#8220;4.27.0&#8243; _module_preset=&#8220;default&#8220; global_colors_info=&#8220;{}&#8220;][et_pb_heading title=&#8220;CAC Klausel (Collective Action Clause)&#8220; _builder_version=&#8220;4.27.0&#8243; _module_preset=&#8220;default&#8220; title_font=&#8220;Montserrat|600|||||||&#8220; title_text_color=&#8220;#8f7d50&#8243; hover_enabled=&#8220;0&#8243; global_colors_info=&#8220;{}&#8220; title_text_align_last_edited=&#8220;on|phone&#8220; title_text_align_phone=&#8220;center&#8220; title_font_size_last_edited=&#8220;on|phone&#8220; title_font_size_phone=&#8220;22px&#8220; sticky_enabled=&#8220;0&#8243;][\/et_pb_heading][\/et_pb_column][\/et_pb_row][et_pb_row _builder_version=&#8220;4.27.0&#8243; _module_preset=&#8220;default&#8220; custom_padding=&#8220;0px|||||&#8220; animation_style=&#8220;fade&#8220; hover_enabled=&#8220;0&#8243; global_colors_info=&#8220;{}&#8220; custom_margin_last_edited=&#8220;on|phone&#8220; custom_margin_phone=&#8220;-11px||||false|false&#8220; sticky_enabled=&#8220;0&#8243;][et_pb_column type=&#8220;4_4&#8243; _builder_version=&#8220;4.27.0&#8243; _module_preset=&#8220;default&#8220; global_colors_info=&#8220;{}&#8220;][et_pb_text _builder_version=&#8220;4.27.0&#8243; _module_preset=&#8220;default&#8220; text_font=&#8220;Montserrat||||||||&#8220; text_text_color=&#8220;#000000&#8243; text_font_size=&#8220;18px&#8220; text_line_height=&#8220;1.3em&#8220; hover_enabled=&#8220;0&#8243; global_colors_info=&#8220;{}&#8220; text_font_size_last_edited=&#8220;on|phone&#8220; text_font_size_phone=&#8220;16px&#8220; text_orientation_last_edited=&#8220;on|phone&#8220; text_orientation_phone=&#8220;center&#8220; sticky_enabled=&#8220;0&#8243; text_font_size_tablet=&#8220;18px&#8220;]<\/p>\n<p><span>Alle europ\u00e4ischen Staatsanleihen enthalten ab 2013 diese kollektive Handlungsklausel. In den meisten klassischen Lebens-und Rentenversicherungen stecken diese Papiere. Mit Hilfe der CAC-Klausel k\u00f6nnen Staaten k\u00fcnftig die R\u00fcckzahlung von Schulden verweigern, selbst wenn der einzelne Sparer dem nicht zustimmt. Damit kann es praktisch jeden treffen und jeder Besitzer von Staatsanleihen kann somit gegen seinen Willen enteignet werden. Erfunden wurde die CAC-Klausel \u00fcbrigens ausgerechnet in Griechenland im Fr\u00fchjahr 2012, ohne die der damalige Schuldenschnitt des Landes ( Gl\u00e4ubigerenteignung) nicht m\u00f6glich gewesen w\u00e4re.<\/span><\/p>\n<p><span>2013 wurde die Klausel dann europ\u00e4isches Gesetz.<\/span><\/p>\n<p><strong>Quellen:<\/strong><br \/><span style=\"color: #8f7d50;\"><a href=\"https:\/\/www.wiwo.de\/finanzen\/geldanlage\/collective-action-clause-anleihen-mit-integriertem-glaeubigerverzicht\/7610422.html\" style=\"color: #8f7d50;\">Wirtschaftswoche<\/a><br \/><a href=\"https:\/\/www.welt.de\/finanzen\/article112468144\/Euro-Staaten-beschliessen-Enteignungsklausel.html\" style=\"color: #8f7d50;\">Welt<\/a><\/span><span style=\"color: #8f7d50;\"><\/span><\/p>\n<p><span><\/span><\/p>\n<p>[\/et_pb_text][\/et_pb_column][\/et_pb_row][\/et_pb_section]<\/p>\n","protected":false},"excerpt":{"rendered":"<p>Alle europ\u00e4ischen Staatsanleihen enthalten ab 2013 diese kollektive Handlungsklausel. In den meisten klassischen Lebens-und Rentenversicherungen stecken diese Papiere. Mit Hilfe der CAC-Klausel k\u00f6nnen Staaten k\u00fcnftig die R\u00fcckzahlung von Schulden verweigern, selbst wenn der einzelne Sparer dem nicht zustimmt. Damit kann es praktisch jeden treffen und jeder Besitzer von Staatsanleihen kann somit gegen seinen Willen enteignet [&hellip;]<\/p>\n","protected":false},"author":4,"featured_media":0,"parent":0,"menu_order":0,"comment_status":"closed","ping_status":"closed","template":"","meta":{"_et_pb_use_builder":"on","_et_pb_old_content":"","_et_gb_content_width":"","footnotes":""},"class_list":["post-1411","page","type-page","status-publish","hentry"],"_links":{"self":[{"href":"https:\/\/www.filus-system.de\/index.php?rest_route=\/wp\/v2\/pages\/1411","targetHints":{"allow":["GET"]}}],"collection":[{"href":"https:\/\/www.filus-system.de\/index.php?rest_route=\/wp\/v2\/pages"}],"about":[{"href":"https:\/\/www.filus-system.de\/index.php?rest_route=\/wp\/v2\/types\/page"}],"author":[{"embeddable":true,"href":"https:\/\/www.filus-system.de\/index.php?rest_route=\/wp\/v2\/users\/4"}],"replies":[{"embeddable":true,"href":"https:\/\/www.filus-system.de\/index.php?rest_route=%2Fwp%2Fv2%2Fcomments&post=1411"}],"version-history":[{"count":8,"href":"https:\/\/www.filus-system.de\/index.php?rest_route=\/wp\/v2\/pages\/1411\/revisions"}],"predecessor-version":[{"id":1926,"href":"https:\/\/www.filus-system.de\/index.php?rest_route=\/wp\/v2\/pages\/1411\/revisions\/1926"}],"wp:attachment":[{"href":"https:\/\/www.filus-system.de\/index.php?rest_route=%2Fwp%2Fv2%2Fmedia&parent=1411"}],"curies":[{"name":"wp","href":"https:\/\/api.w.org\/{rel}","templated":true}]}}