{"id":1405,"date":"2023-11-16T19:54:30","date_gmt":"2023-11-16T19:54:30","guid":{"rendered":"https:\/\/www.filus-system.de\/?page_id=1405"},"modified":"2024-09-03T08:01:25","modified_gmt":"2024-09-03T08:01:25","slug":"erdbewegungsmaschinen-2-3-2-3-2-2-3","status":"publish","type":"page","link":"https:\/\/www.filus-system.de\/?page_id=1405","title":{"rendered":"SAG Gesetz"},"content":{"rendered":"<p>[et_pb_section fb_built=&#8220;1&#8243; _builder_version=&#8220;4.27.0&#8243; _module_preset=&#8220;default&#8220; min_height=&#8220;583px&#8220; global_colors_info=&#8220;{}&#8220;][et_pb_row _builder_version=&#8220;4.27.0&#8243; _module_preset=&#8220;default&#8220; animation_style=&#8220;fade&#8220; hover_enabled=&#8220;0&#8243; global_colors_info=&#8220;{}&#8220; custom_margin_last_edited=&#8220;on|phone&#8220; custom_margin_phone=&#8220;-38px||||false|false&#8220; sticky_enabled=&#8220;0&#8243;][et_pb_column type=&#8220;4_4&#8243; _builder_version=&#8220;4.27.0&#8243; _module_preset=&#8220;default&#8220; global_colors_info=&#8220;{}&#8220;][et_pb_heading title=&#8220;SAG Gesetz&#8220; _builder_version=&#8220;4.27.0&#8243; _module_preset=&#8220;default&#8220; title_font=&#8220;Montserrat|600|||||||&#8220; title_text_color=&#8220;#8f7d50&#8243; hover_enabled=&#8220;0&#8243; global_colors_info=&#8220;{}&#8220; title_font_size_last_edited=&#8220;on|phone&#8220; title_font_size_phone=&#8220;22px&#8220; sticky_enabled=&#8220;0&#8243; title_text_align_last_edited=&#8220;on|phone&#8220; title_text_align_phone=&#8220;center&#8220;][\/et_pb_heading][\/et_pb_column][\/et_pb_row][et_pb_row _builder_version=&#8220;4.27.0&#8243; _module_preset=&#8220;default&#8220; custom_padding=&#8220;0px|||||&#8220; animation_style=&#8220;fade&#8220; hover_enabled=&#8220;0&#8243; global_colors_info=&#8220;{}&#8220; custom_margin_last_edited=&#8220;on|phone&#8220; custom_margin_phone=&#8220;-17px||||false|false&#8220; sticky_enabled=&#8220;0&#8243;][et_pb_column type=&#8220;4_4&#8243; _builder_version=&#8220;4.27.0&#8243; _module_preset=&#8220;default&#8220; global_colors_info=&#8220;{}&#8220;][et_pb_text _builder_version=&#8220;4.27.0&#8243; _module_preset=&#8220;default&#8220; text_font=&#8220;Montserrat||||||||&#8220; text_text_color=&#8220;#000000&#8243; text_font_size=&#8220;18px&#8220; text_line_height=&#8220;1.3em&#8220; hover_enabled=&#8220;0&#8243; global_colors_info=&#8220;{}&#8220; text_font_size_last_edited=&#8220;on|phone&#8220; text_font_size_phone=&#8220;16px&#8220; text_orientation_last_edited=&#8220;on|phone&#8220; text_orientation_phone=&#8220;center&#8220; sticky_enabled=&#8220;0&#8243; text_font_size_tablet=&#8220;18px&#8220;]<\/p>\n<p><span>Ein Gesetz, von dem bisher die Wenigsten etwas geh\u00f6rt haben, welches aber bereits seit Anfang 2015 Anwendung findet: das Sanierungs- und Abwicklungsgesetz. Es enth\u00e4lt eine Reihe von Paragrafen, die regeln, wie ein in Schieflage geratenes Kreditinstitut saniert bzw. abgewickelt wird. Was zun\u00e4chst unspektakul\u00e4r klingt, kann aber auch f\u00fcr private Anleger weitreichende Konsequenzen nach sich ziehen. Die Besonderheit hierbei ist, dass vorrangig Anteilsinhaber und Gl\u00e4ubiger an Verlusten und Abwicklungskosten der Banken beteiligt werden (sogenanntes Bail-In), bevor sogar Privatpersonen, sowie kleine und mittlere Unternehmen mit Einlagen \u00fcber 100.000 Euro herangezogen werden k\u00f6nnen.<\/span><\/p>\n<p><strong>Quelle:<\/strong><br \/><span style=\"color: #8f7d50;\"><a href=\"https:\/\/www.bafin.de\/SharedDocs\/Veroeffentlichungen\/DE\/Fachartikel\/2015\/fa_bj_1501_sanierungs-abwicklungsgesetz.html#:~:text=Das%20SAG%20setzt%20die%20europ\u00e4ische,\u201c)%20in%20der%20EU%20umsetzt.\" style=\"color: #8f7d50;\">Bafin SAG<\/a><\/span><\/p>\n<p>[\/et_pb_text][\/et_pb_column][\/et_pb_row][\/et_pb_section]<\/p>\n","protected":false},"excerpt":{"rendered":"<p>Ein Gesetz, von dem bisher die Wenigsten etwas geh\u00f6rt haben, welches aber bereits seit Anfang 2015 Anwendung findet: das Sanierungs- und Abwicklungsgesetz. Es enth\u00e4lt eine Reihe von Paragrafen, die regeln, wie ein in Schieflage geratenes Kreditinstitut saniert bzw. abgewickelt wird. Was zun\u00e4chst unspektakul\u00e4r klingt, kann aber auch f\u00fcr private Anleger weitreichende Konsequenzen nach sich ziehen. [&hellip;]<\/p>\n","protected":false},"author":4,"featured_media":0,"parent":0,"menu_order":0,"comment_status":"closed","ping_status":"closed","template":"","meta":{"_et_pb_use_builder":"on","_et_pb_old_content":"","_et_gb_content_width":"","footnotes":""},"class_list":["post-1405","page","type-page","status-publish","hentry"],"_links":{"self":[{"href":"https:\/\/www.filus-system.de\/index.php?rest_route=\/wp\/v2\/pages\/1405","targetHints":{"allow":["GET"]}}],"collection":[{"href":"https:\/\/www.filus-system.de\/index.php?rest_route=\/wp\/v2\/pages"}],"about":[{"href":"https:\/\/www.filus-system.de\/index.php?rest_route=\/wp\/v2\/types\/page"}],"author":[{"embeddable":true,"href":"https:\/\/www.filus-system.de\/index.php?rest_route=\/wp\/v2\/users\/4"}],"replies":[{"embeddable":true,"href":"https:\/\/www.filus-system.de\/index.php?rest_route=%2Fwp%2Fv2%2Fcomments&post=1405"}],"version-history":[{"count":7,"href":"https:\/\/www.filus-system.de\/index.php?rest_route=\/wp\/v2\/pages\/1405\/revisions"}],"predecessor-version":[{"id":1923,"href":"https:\/\/www.filus-system.de\/index.php?rest_route=\/wp\/v2\/pages\/1405\/revisions\/1923"}],"wp:attachment":[{"href":"https:\/\/www.filus-system.de\/index.php?rest_route=%2Fwp%2Fv2%2Fmedia&parent=1405"}],"curies":[{"name":"wp","href":"https:\/\/api.w.org\/{rel}","templated":true}]}}