{"id":1393,"date":"2023-11-16T19:54:30","date_gmt":"2023-11-16T19:54:30","guid":{"rendered":"https:\/\/www.filus-system.de\/?page_id=1393"},"modified":"2024-09-03T08:02:13","modified_gmt":"2024-09-03T08:02:13","slug":"erdbewegungsmaschinen-2-3-2-3-2","status":"publish","type":"page","link":"https:\/\/www.filus-system.de\/?page_id=1393","title":{"rendered":"$ 222 VAG"},"content":{"rendered":"<p>[et_pb_section fb_built=&#8220;1&#8243; _builder_version=&#8220;4.27.0&#8243; _module_preset=&#8220;default&#8220; min_height=&#8220;592px&#8220; custom_padding=&#8220;||0px|||&#8220; global_colors_info=&#8220;{}&#8220;][et_pb_row _builder_version=&#8220;4.27.0&#8243; _module_preset=&#8220;default&#8220; custom_margin_tablet=&#8220;&#8220; custom_margin_phone=&#8220;-40px||||false|false&#8220; custom_margin_last_edited=&#8220;on|phone&#8220; animation_style=&#8220;fade&#8220; global_colors_info=&#8220;{}&#8220;][et_pb_column type=&#8220;4_4&#8243; _builder_version=&#8220;4.27.0&#8243; _module_preset=&#8220;default&#8220; global_colors_info=&#8220;{}&#8220;][et_pb_heading title=&#8220;\u00a7 222 VAG&#8220; _builder_version=&#8220;4.27.0&#8243; _module_preset=&#8220;default&#8220; title_font=&#8220;Montserrat|600|||||||&#8220; title_text_color=&#8220;#8f7d50&#8243; hover_enabled=&#8220;0&#8243; title_font_size_tablet=&#8220;&#8220; title_font_size_phone=&#8220;22px&#8220; title_font_size_last_edited=&#8220;on|phone&#8220; global_colors_info=&#8220;{}&#8220; title_text_align_last_edited=&#8220;on|phone&#8220; title_text_align_phone=&#8220;center&#8220; sticky_enabled=&#8220;0&#8243;][\/et_pb_heading][\/et_pb_column][\/et_pb_row][et_pb_row _builder_version=&#8220;4.27.0&#8243; _module_preset=&#8220;default&#8220; custom_margin_tablet=&#8220;&#8220; custom_margin_phone=&#8220;-13px||||false|false&#8220; custom_margin_last_edited=&#8220;on|phone&#8220; custom_padding=&#8220;0px|||||&#8220; animation_style=&#8220;fade&#8220; global_colors_info=&#8220;{}&#8220;][et_pb_column type=&#8220;4_4&#8243; _builder_version=&#8220;4.27.0&#8243; _module_preset=&#8220;default&#8220; global_colors_info=&#8220;{}&#8220;][et_pb_text _builder_version=&#8220;4.27.0&#8243; _module_preset=&#8220;default&#8220; text_font=&#8220;Montserrat||||||||&#8220; text_text_color=&#8220;#000000&#8243; text_font_size=&#8220;18px&#8220; text_line_height=&#8220;1.3em&#8220; hover_enabled=&#8220;0&#8243; text_font_size_tablet=&#8220;18px&#8220; text_font_size_phone=&#8220;16px&#8220; text_font_size_last_edited=&#8220;on|phone&#8220; global_colors_info=&#8220;{}&#8220; text_orientation_last_edited=&#8220;on|phone&#8220; text_orientation_phone=&#8220;center&#8220; sticky_enabled=&#8220;0&#8243;]<\/p>\n<p><span>Bei wirtschaftlicher Schieflage eines Versicherungsunternehmens d\u00fcrfen die garantierten Leistungen um 5 % gek\u00fcrzt werden. Dies ist laut Gesetz erlaubt, sofern sich die\u00a0 <strong>&#8222;Protektor AG&#8220;<\/strong> finanziell au\u00dferstande sieht, die Vertr\u00e4ge der Versicherungskunden fortzuf\u00fchren. Die Protektor AG ist ein Sicherungsfonds f\u00fcr Notleidende Versicherungsgesellschaften.<\/span><\/p>\n<p><span>Zudem k\u00f6nnen auch Auszahlungen g\u00e4nzlich untersagt werden.<\/span><\/p>\n<p><span><strong>Quelle:<\/strong><br \/><span style=\"color: #8f7d50;\"><a data-jwlink-type=\"extern\" data-jwlink-identifier=\"https:\/\/www.gesetze-im-internet.de\/vag_2016\/__222.html\" data-jwlink-title=\"\" href=\"https:\/\/www.gesetze-im-internet.de\/vag_2016\/__222.html\" style=\"color: #8f7d50;\">Bundesamt f\u00fcr Justiz \u00a7 222 VAG<\/a><\/span><br \/><\/span><\/p>\n<p>[\/et_pb_text][\/et_pb_column][\/et_pb_row][\/et_pb_section]<\/p>\n","protected":false},"excerpt":{"rendered":"<p>Bei wirtschaftlicher Schieflage eines Versicherungsunternehmens d\u00fcrfen die garantierten Leistungen um 5 % gek\u00fcrzt werden. Dies ist laut Gesetz erlaubt, sofern sich die\u00a0 &#8222;Protektor AG&#8220; finanziell au\u00dferstande sieht, die Vertr\u00e4ge der Versicherungskunden fortzuf\u00fchren. Die Protektor AG ist ein Sicherungsfonds f\u00fcr Notleidende Versicherungsgesellschaften. Zudem k\u00f6nnen auch Auszahlungen g\u00e4nzlich untersagt werden. Quelle:Bundesamt f\u00fcr Justiz \u00a7 222 VAG<\/p>\n","protected":false},"author":4,"featured_media":0,"parent":0,"menu_order":0,"comment_status":"closed","ping_status":"closed","template":"","meta":{"_et_pb_use_builder":"on","_et_pb_old_content":"","_et_gb_content_width":"","footnotes":""},"class_list":["post-1393","page","type-page","status-publish","hentry"],"_links":{"self":[{"href":"https:\/\/www.filus-system.de\/index.php?rest_route=\/wp\/v2\/pages\/1393","targetHints":{"allow":["GET"]}}],"collection":[{"href":"https:\/\/www.filus-system.de\/index.php?rest_route=\/wp\/v2\/pages"}],"about":[{"href":"https:\/\/www.filus-system.de\/index.php?rest_route=\/wp\/v2\/types\/page"}],"author":[{"embeddable":true,"href":"https:\/\/www.filus-system.de\/index.php?rest_route=\/wp\/v2\/users\/4"}],"replies":[{"embeddable":true,"href":"https:\/\/www.filus-system.de\/index.php?rest_route=%2Fwp%2Fv2%2Fcomments&post=1393"}],"version-history":[{"count":9,"href":"https:\/\/www.filus-system.de\/index.php?rest_route=\/wp\/v2\/pages\/1393\/revisions"}],"predecessor-version":[{"id":1924,"href":"https:\/\/www.filus-system.de\/index.php?rest_route=\/wp\/v2\/pages\/1393\/revisions\/1924"}],"wp:attachment":[{"href":"https:\/\/www.filus-system.de\/index.php?rest_route=%2Fwp%2Fv2%2Fmedia&parent=1393"}],"curies":[{"name":"wp","href":"https:\/\/api.w.org\/{rel}","templated":true}]}}