{"id":1385,"date":"2023-11-16T19:54:30","date_gmt":"2023-11-16T19:54:30","guid":{"rendered":"https:\/\/www.filus-system.de\/?page_id=1385"},"modified":"2024-09-03T07:58:52","modified_gmt":"2024-09-03T07:58:52","slug":"erdbewegungsmaschinen-2-3-2-3","status":"publish","type":"page","link":"https:\/\/www.filus-system.de\/?page_id=1385","title":{"rendered":"$ 314 VAG"},"content":{"rendered":"<p>[et_pb_section fb_built=&#8220;1&#8243; _builder_version=&#8220;4.27.0&#8243; _module_preset=&#8220;default&#8220; global_colors_info=&#8220;{}&#8220;][et_pb_row _builder_version=&#8220;4.27.0&#8243; _module_preset=&#8220;default&#8220; custom_margin_tablet=&#8220;-25px||||false|false&#8220; custom_margin_phone=&#8220;-44px||||false|false&#8220; custom_margin_last_edited=&#8220;on|tablet&#8220; animation_style=&#8220;fade&#8220; global_colors_info=&#8220;{}&#8220;][et_pb_column type=&#8220;4_4&#8243; _builder_version=&#8220;4.27.0&#8243; _module_preset=&#8220;default&#8220; global_colors_info=&#8220;{}&#8220;][et_pb_heading title=&#8220;\u00a7 314 VAG&#8220; _builder_version=&#8220;4.27.0&#8243; _module_preset=&#8220;default&#8220; title_font=&#8220;Montserrat|600|||||||&#8220; title_text_color=&#8220;#8f7d50&#8243; hover_enabled=&#8220;0&#8243; title_font_size_tablet=&#8220;28px&#8220; title_font_size_phone=&#8220;22px&#8220; title_font_size_last_edited=&#8220;on|tablet&#8220; global_colors_info=&#8220;{}&#8220; sticky_enabled=&#8220;0&#8243; title_text_align_last_edited=&#8220;on|phone&#8220; title_text_align_phone=&#8220;center&#8220;][\/et_pb_heading][\/et_pb_column][\/et_pb_row][et_pb_row _builder_version=&#8220;4.27.0&#8243; _module_preset=&#8220;default&#8220; custom_padding=&#8220;0px|||||&#8220; animation_style=&#8220;fade&#8220; hover_enabled=&#8220;0&#8243; global_colors_info=&#8220;{}&#8220; custom_margin_last_edited=&#8220;on|phone&#8220; custom_margin_phone=&#8220;-16px||||false|false&#8220; sticky_enabled=&#8220;0&#8243;][et_pb_column type=&#8220;4_4&#8243; _builder_version=&#8220;4.27.0&#8243; _module_preset=&#8220;default&#8220; global_colors_info=&#8220;{}&#8220;][et_pb_text _builder_version=&#8220;4.27.0&#8243; _module_preset=&#8220;default&#8220; text_font=&#8220;Montserrat||||||||&#8220; text_text_color=&#8220;#000000&#8243; text_font_size=&#8220;18px&#8220; text_line_height=&#8220;1.3em&#8220; hover_enabled=&#8220;0&#8243; global_colors_info=&#8220;{}&#8220; text_font_size_last_edited=&#8220;on|phone&#8220; text_font_size_phone=&#8220;16px&#8220; sticky_enabled=&#8220;0&#8243; text_orientation_last_edited=&#8220;on|phone&#8220; text_orientation_phone=&#8220;center&#8220; text_font_size_tablet=&#8220;18px&#8220;]<\/p>\n<p><span>1) Ergibt sich bei der Pr\u00fcfung der Gesch\u00e4ftsf\u00fchrung und der Verm\u00f6genslage eines<\/span><br \/><span>Unternehmens, dass dieses f\u00fcr die Dauer nicht mehr imstande ist, seine Verpflichtungen zu\u00a0\u00a0<\/span><span>erf\u00fcllen (&#8230;) Alle Arten Zahlungen, besonders Versicherungsleistungen, Gewinnverteilungen und\u00a0<\/span><span>bei Lebensversicherungen der R\u00fcckkauf oder die Beleihung des Versicherungsscheins sowie\u00a0<\/span><span>Vorauszahlungen darauf, k\u00f6nnen zeitweilig verboten werden. (&#8230;)<br \/><\/span><br \/><span>(2) Unter der Voraussetzung in Absatz 1 Satz 1 kann die Aufsichtsbeh\u00f6rde, wenn n\u00f6tig, die\u00a0\u00a0<\/span><span>Verpflichtungen eines Lebensversicherungsunternehmens aus seinen Versicherungen dem\u00a0<\/span><span>Verm\u00f6gensstand entsprechend herabsetzen. (&#8230;)<strong>\u00a0Die Pflicht der Versicherungsnehmer, die\u00a0\u00a0<\/strong><\/span><span><strong>Versicherungsentgelte in der bisherigen H\u00f6he weiterzuzahlen, wird durch die Herabsetzung\u00a0\u00a0<\/strong><\/span><span><strong>nicht ber\u00fchrt.<br \/><\/strong><\/span><br \/><span>Dieses Gesetz erm\u00f6glicht einen gewaltigen Eingriff in die Ersparnisse der Inhaber einer\u00a0<\/span><span>Lebensversicherung, der in allen Finanzmedien einmal thematisiert werden sollte, zum\u00a0<\/span><span>Beispiel unter der Schlagzeile: \u201e<strong>Einbahnstra\u00dfe Lebensversicherung: Auszahlungsstopp mit\u00a0<\/strong><\/span><span><strong>Einzahlungspflicht!\u201c<\/strong><\/span><\/p>\n<p><strong>Quelle:<\/strong><br \/><span style=\"color: #8f7d50;\"><a data-jwlink-type=\"extern\" data-jwlink-identifier=\"https:\/\/www.gesetze-im-internet.de\/vag_2016\/__314.html\" data-jwlink-title=\"\" href=\"https:\/\/www.gesetze-im-internet.de\/vag_2016\/__314.html\" style=\"color: #8f7d50;\">Bundesamt f\u00fcr Justiz \u00a7 314 VAG<\/a><\/span><span><strong><\/strong><\/span><\/p>\n<p>&nbsp;<\/p>\n<p>[\/et_pb_text][\/et_pb_column][\/et_pb_row][et_pb_row column_structure=&#8220;1_2,1_2&#8243; _builder_version=&#8220;4.27.0&#8243; _module_preset=&#8220;default&#8220; animation_style=&#8220;fade&#8220; hover_enabled=&#8220;0&#8243; global_colors_info=&#8220;{}&#8220; custom_margin_last_edited=&#8220;on|phone&#8220; custom_margin_phone=&#8220;-44px||||false|false&#8220; sticky_enabled=&#8220;0&#8243;][et_pb_column type=&#8220;1_2&#8243; _builder_version=&#8220;4.27.0&#8243; _module_preset=&#8220;default&#8220; global_colors_info=&#8220;{}&#8220;][et_pb_heading title=&#8220;Auszug aus \u00a7 314 VAG&#8220; _builder_version=&#8220;4.27.0&#8243; _module_preset=&#8220;default&#8220; title_font=&#8220;Montserrat|600|||||||&#8220; title_text_align=&#8220;center&#8220; title_text_color=&#8220;#8f7d50&#8243; title_font_size=&#8220;25px&#8220; hover_enabled=&#8220;0&#8243; global_colors_info=&#8220;{}&#8220; title_font_size_last_edited=&#8220;on|phone&#8220; title_font_size_phone=&#8220;22px&#8220; sticky_enabled=&#8220;0&#8243; title_font_size_tablet=&#8220;25px&#8220;][\/et_pb_heading][et_pb_image src=&#8220;https:\/\/www.filus-system.de\/wp-content\/uploads\/2024\/08\/Bildschirmfoto-2024-08-30-um-09.24.25.png&#8220; title_text=&#8220;Bildschirmfoto 2024-08-30 um 09.24.25&#8243; _builder_version=&#8220;4.27.0&#8243; _module_preset=&#8220;default&#8220; global_colors_info=&#8220;{}&#8220;][\/et_pb_image][\/et_pb_column][et_pb_column type=&#8220;1_2&#8243; _builder_version=&#8220;4.27.0&#8243; _module_preset=&#8220;default&#8220; global_colors_info=&#8220;{}&#8220;][et_pb_heading title=&#8220;Lehrvideo&#8220; _builder_version=&#8220;4.27.0&#8243; _module_preset=&#8220;default&#8220; title_font=&#8220;Montserrat|600|||||||&#8220; title_text_align=&#8220;center&#8220; title_text_color=&#8220;#8f7d50&#8243; title_font_size=&#8220;25px&#8220; hover_enabled=&#8220;0&#8243; global_colors_info=&#8220;{}&#8220; title_font_size_last_edited=&#8220;on|phone&#8220; title_font_size_phone=&#8220;22px&#8220; sticky_enabled=&#8220;0&#8243; title_font_size_tablet=&#8220;25px&#8220;][\/et_pb_heading][et_pb_video src=&#8220;https:\/\/youtu.be\/tyG0jluhBu0&#8243; _builder_version=&#8220;4.27.0&#8243; _module_preset=&#8220;default&#8220; global_colors_info=&#8220;{}&#8220;][\/et_pb_video][\/et_pb_column][\/et_pb_row][et_pb_row _builder_version=&#8220;4.27.0&#8243; _module_preset=&#8220;default&#8220; global_colors_info=&#8220;{}&#8220;][et_pb_column type=&#8220;4_4&#8243; _builder_version=&#8220;4.27.0&#8243; _module_preset=&#8220;default&#8220; global_colors_info=&#8220;{}&#8220;][et_pb_heading title=&#8220;Gilt \u00a7 314 Versicherungsaufsichtsgesetz (VAG) auch f\u00fcr fondsgebundene Lebensversicherungen?&#8220; _builder_version=&#8220;4.27.0&#8243; _module_preset=&#8220;default&#8220; title_font=&#8220;Montserrat|600|||||||&#8220; title_text_color=&#8220;#8f7d50&#8243; title_font_size=&#8220;25px&#8220; hover_enabled=&#8220;0&#8243; global_colors_info=&#8220;{}&#8220; title_text_align_last_edited=&#8220;on|phone&#8220; title_text_align_phone=&#8220;center&#8220; title_font_size_last_edited=&#8220;on|phone&#8220; title_font_size_phone=&#8220;22px&#8220; sticky_enabled=&#8220;0&#8243; title_font_size_tablet=&#8220;25px&#8220;][\/et_pb_heading][et_pb_text _builder_version=&#8220;4.27.0&#8243; _module_preset=&#8220;default&#8220; text_font=&#8220;Montserrat||||||||&#8220; text_text_color=&#8220;#000000&#8243; text_font_size=&#8220;18px&#8220; text_line_height=&#8220;1.3em&#8220; custom_margin_tablet=&#8220;-14px||||false|false&#8220; custom_margin_phone=&#8220;-14px||||false|false&#8220; custom_margin_last_edited=&#8220;on|tablet&#8220; hover_enabled=&#8220;0&#8243; global_colors_info=&#8220;{}&#8220; text_font_size_last_edited=&#8220;on|phone&#8220; text_font_size_phone=&#8220;16px&#8220; text_orientation_last_edited=&#8220;on|phone&#8220; text_orientation_phone=&#8220;center&#8220; sticky_enabled=&#8220;0&#8243; text_font_size_tablet=&#8220;18px&#8220;]<\/p>\n<p><span>Eine fondsgebundene Lebensversicherung stellt eine Versicherung auf den Todes- oder Erlebensfall dar. Sie kombiniert Risikolebensversicherung mit Investmentfonds. Der sogenannte Sparanteil wird Investmentfonds (Renten-, Aktien- oder Immobilienfonds) zugewiesen.<\/span><\/p>\n<p><span>Das in diesen Fonds angelegte Kapital bildet eine Abteilung des sogenannten Sicherungsverm\u00f6gens des Versicherungsunternehmens (\u00a7 125 Abs. 5 VAG). \u201eDas Sicherungsverm\u00f6gen spiegelt die<\/span><br \/><span>vom Versicherungsunternehmen f\u00fcr die Versicherungsnehmer organisierten Sparvorg\u00e4nge. Es ist<\/span><br \/><span>Teil des Verm\u00f6gens eines Versicherungsunternehmens, der eine vollst\u00e4ndige Bedeckung der privilegierten Forderungen mit Sicherungsverm\u00f6gensmitteln gew\u00e4hrleistet.\u201c<br \/><\/span><br \/><strong>Es ist somit Eigentum des Versicherungsunternehmens und nicht ein sogenannten Sonderverm\u00f6gen gem\u00e4\u00df \u00a7 1 Abs. 10 Kapitalanlagegesetzbuch (KAGB)<\/strong><span>.<\/span><\/p>\n<p>Das Sonderverm\u00f6gen von Investmentgesellschaften ist vom Verm\u00f6gen der Investmentgesellschaft getrennt. Dadurch soll sichergestellt<br \/><span>werden, dass das eingelegte Kapital der Anleger vor dem Zugriff der Investmentgesellschaft<\/span><br \/><span>selbst und vor dem Zugriff von Gl\u00e4ubigern (im Insolvenzfall) gesch\u00fctzt ist.<\/span><\/p>\n<p><strong>Quelle:<\/strong><br \/><a href=\"https:\/\/www.hartmut-naujok.de\/files\/meine_bilder_dokumente_videos\/pdfs\/Einzelfrage_zu_VAG.pdf\"><span style=\"color: #8f7d50;\">Wissenschaftliche Dienste<\/span><\/a><\/p>\n<p><span><\/span><\/p>\n<p><span><\/span><\/p>\n<p>[\/et_pb_text][\/et_pb_column][\/et_pb_row][\/et_pb_section]<\/p>\n","protected":false},"excerpt":{"rendered":"<p>1) Ergibt sich bei der Pr\u00fcfung der Gesch\u00e4ftsf\u00fchrung und der Verm\u00f6genslage einesUnternehmens, dass dieses f\u00fcr die Dauer nicht mehr imstande ist, seine Verpflichtungen zu\u00a0\u00a0erf\u00fcllen (&#8230;) Alle Arten Zahlungen, besonders Versicherungsleistungen, Gewinnverteilungen und\u00a0bei Lebensversicherungen der R\u00fcckkauf oder die Beleihung des Versicherungsscheins sowie\u00a0Vorauszahlungen darauf, k\u00f6nnen zeitweilig verboten werden. (&#8230;)(2) Unter der Voraussetzung in Absatz 1 Satz 1 [&hellip;]<\/p>\n","protected":false},"author":4,"featured_media":0,"parent":0,"menu_order":0,"comment_status":"closed","ping_status":"closed","template":"","meta":{"_et_pb_use_builder":"on","_et_pb_old_content":"","_et_gb_content_width":"","footnotes":""},"class_list":["post-1385","page","type-page","status-publish","hentry"],"_links":{"self":[{"href":"https:\/\/www.filus-system.de\/index.php?rest_route=\/wp\/v2\/pages\/1385","targetHints":{"allow":["GET"]}}],"collection":[{"href":"https:\/\/www.filus-system.de\/index.php?rest_route=\/wp\/v2\/pages"}],"about":[{"href":"https:\/\/www.filus-system.de\/index.php?rest_route=\/wp\/v2\/types\/page"}],"author":[{"embeddable":true,"href":"https:\/\/www.filus-system.de\/index.php?rest_route=\/wp\/v2\/users\/4"}],"replies":[{"embeddable":true,"href":"https:\/\/www.filus-system.de\/index.php?rest_route=%2Fwp%2Fv2%2Fcomments&post=1385"}],"version-history":[{"count":11,"href":"https:\/\/www.filus-system.de\/index.php?rest_route=\/wp\/v2\/pages\/1385\/revisions"}],"predecessor-version":[{"id":1920,"href":"https:\/\/www.filus-system.de\/index.php?rest_route=\/wp\/v2\/pages\/1385\/revisions\/1920"}],"wp:attachment":[{"href":"https:\/\/www.filus-system.de\/index.php?rest_route=%2Fwp%2Fv2%2Fmedia&parent=1385"}],"curies":[{"name":"wp","href":"https:\/\/api.w.org\/{rel}","templated":true}]}}