{"id":1061,"date":"2023-11-16T19:54:30","date_gmt":"2023-11-16T19:54:30","guid":{"rendered":"https:\/\/www.hdmmotion.ch\/?page_id=1061"},"modified":"2024-09-03T07:45:41","modified_gmt":"2024-09-03T07:45:41","slug":"erdbewegungsmaschinen-2-3-2","status":"publish","type":"page","link":"https:\/\/www.filus-system.de\/?page_id=1061","title":{"rendered":"Kunden"},"content":{"rendered":"<p>[et_pb_section fb_built=&#8220;1&#8243; _builder_version=&#8220;4.27.0&#8243; _module_preset=&#8220;default&#8220; custom_margin=&#8220;||||false|false&#8220; custom_margin_tablet=&#8220;-54px||-338px||false|false&#8220; custom_margin_phone=&#8220;-54px||-627px||false|false&#8220; custom_margin_last_edited=&#8220;on|desktop&#8220; global_colors_info=&#8220;{}&#8220;][et_pb_row _builder_version=&#8220;4.27.0&#8243; _module_preset=&#8220;default&#8220; custom_margin_tablet=&#8220;33px||||false|false&#8220; custom_margin_phone=&#8220;2px||||false|false&#8220; custom_margin_last_edited=&#8220;on|tablet&#8220; animation_style=&#8220;fade&#8220; hover_enabled=&#8220;0&#8243; global_colors_info=&#8220;{}&#8220; sticky_enabled=&#8220;0&#8243;][et_pb_column type=&#8220;4_4&#8243; _builder_version=&#8220;4.27.0&#8243; _module_preset=&#8220;default&#8220; global_colors_info=&#8220;{}&#8220;][et_pb_heading title=&#8220;Informationen f\u00fcr Kunden&#8220; _builder_version=&#8220;4.27.0&#8243; _module_preset=&#8220;default&#8220; title_font=&#8220;Montserrat|600|||||||&#8220; title_text_color=&#8220;#8f7d50&#8243; custom_margin=&#8220;||-29px||false|false&#8220; title_text_align_tablet=&#8220;center&#8220; title_text_align_phone=&#8220;center&#8220; title_text_align_last_edited=&#8220;on|phone&#8220; title_font_size_tablet=&#8220;28px&#8220; title_font_size_phone=&#8220;22px&#8220; title_font_size_last_edited=&#8220;on|phone&#8220; global_colors_info=&#8220;{}&#8220;][\/et_pb_heading][\/et_pb_column][\/et_pb_row][et_pb_row column_structure=&#8220;2_3,1_3&#8243; _builder_version=&#8220;4.27.0&#8243; _module_preset=&#8220;default&#8220; custom_padding=&#8220;3px|||||&#8220; animation_style=&#8220;fade&#8220; global_colors_info=&#8220;{}&#8220;][et_pb_column type=&#8220;2_3&#8243; _builder_version=&#8220;4.27.0&#8243; _module_preset=&#8220;default&#8220; global_colors_info=&#8220;{}&#8220;][et_pb_text _builder_version=&#8220;4.27.0&#8243; _module_preset=&#8220;default&#8220; text_font=&#8220;Montserrat||||||||&#8220; text_text_color=&#8220;#000000&#8243; text_font_size=&#8220;18px&#8220; text_line_height=&#8220;1.3em&#8220; custom_margin=&#8220;14px||||false|false&#8220; custom_margin_tablet=&#8220;14px||||false|false&#8220; custom_margin_phone=&#8220;0px||||false|false&#8220; custom_margin_last_edited=&#8220;on|desktop&#8220; animation_style=&#8220;fade&#8220; text_font_size_tablet=&#8220;18px&#8220; text_font_size_phone=&#8220;16px&#8220; text_font_size_last_edited=&#8220;on|phone&#8220; text_orientation_tablet=&#8220;center&#8220; text_orientation_phone=&#8220;center&#8220; text_orientation_last_edited=&#8220;on|phone&#8220; global_colors_info=&#8220;{}&#8220;]<\/p>\n<p><span>Der Staat hat in den letzten Jahren einige Gesetze und Paragrafen erlassen, die vielen Kunden nicht bekannt sind.<br \/><\/span><span>Kommen diese zum tragen, k\u00f6nnen daraus erhebliche Verm\u00f6gensverluste resultieren.<br \/>Um diesen entgegenwirken zu k\u00f6nnen, sollten Sie Kenntnis \u00fcber die \u00c4nderungen haben und fr\u00fchzeitig handeln. <\/span><\/p>\n<p><strong>Wir helfen gerne dabei, m\u00f6glichen Risiken f\u00fcr Verm\u00f6gensverluste fr\u00fchzeitig zu erkennen, um die Potenziale f\u00fcr Sie vollumf\u00e4nglich auszusch\u00f6pfen.<\/strong><\/p>\n<p>[\/et_pb_text][\/et_pb_column][et_pb_column type=&#8220;1_3&#8243; _builder_version=&#8220;4.27.0&#8243; _module_preset=&#8220;default&#8220; global_colors_info=&#8220;{}&#8220;][et_pb_image src=&#8220;https:\/\/www.filus-system.de\/wp-content\/uploads\/2024\/08\/4-e1725000434893.png&#8220; title_text=&#8220;4&#8243; _builder_version=&#8220;4.27.0&#8243; _module_preset=&#8220;default&#8220; width=&#8220;99%&#8220; width_tablet=&#8220;67%&#8220; width_phone=&#8220;67%&#8220; width_last_edited=&#8220;on|tablet&#8220; module_alignment_tablet=&#8220;center&#8220; module_alignment_phone=&#8220;center&#8220; module_alignment_last_edited=&#8220;on|tablet&#8220; global_colors_info=&#8220;{}&#8220;][\/et_pb_image][\/et_pb_column][\/et_pb_row][et_pb_row column_structure=&#8220;1_3,1_3,1_3&#8243; _builder_version=&#8220;4.27.0&#8243; _module_preset=&#8220;default&#8220; width_tablet=&#8220;52%&#8220; width_phone=&#8220;52%&#8220; width_last_edited=&#8220;on|tablet&#8220; animation_style=&#8220;fade&#8220; global_colors_info=&#8220;{}&#8220;][et_pb_column type=&#8220;1_3&#8243; _builder_version=&#8220;4.27.0&#8243; _module_preset=&#8220;default&#8220; global_colors_info=&#8220;{}&#8220;][et_pb_image src=&#8220;https:\/\/www.filus-system.de\/wp-content\/uploads\/2024\/08\/Gesetz1.png&#8220; title_text=&#8220;Gesetz1&#8243; _builder_version=&#8220;4.27.0&#8243; _module_preset=&#8220;default&#8220; custom_margin=&#8220;||6px|||&#8220; global_colors_info=&#8220;{}&#8220;][\/et_pb_image][et_pb_button button_url=&#8220;https:\/\/www.filus-system.de\/?page_id=1385&#8243; button_text=&#8220;Weitere Informationen&#8220; button_alignment=&#8220;center&#8220; _builder_version=&#8220;4.27.0&#8243; _module_preset=&#8220;default&#8220; custom_button=&#8220;on&#8220; button_text_size=&#8220;18px&#8220; button_text_color=&#8220;#000000&#8243; button_border_width=&#8220;2px&#8220; button_border_color=&#8220;#8f7d50&#8243; button_font=&#8220;Montserrat||||||||&#8220; button_icon=&#8220;&#x24;||divi||400&#8243; hover_enabled=&#8220;0&#8243; global_colors_info=&#8220;{}&#8220; button_text_size_last_edited=&#8220;on|phone&#8220; button_text_size_phone=&#8220;14px&#8220; sticky_enabled=&#8220;0&#8243; button_text_size_tablet=&#8220;18px&#8220;][\/et_pb_button][\/et_pb_column][et_pb_column type=&#8220;1_3&#8243; _builder_version=&#8220;4.27.0&#8243; _module_preset=&#8220;default&#8220; global_colors_info=&#8220;{}&#8220;][et_pb_image src=&#8220;https:\/\/www.filus-system.de\/wp-content\/uploads\/2024\/08\/Gesetz2.png&#8220; title_text=&#8220;Gesetz2&#8243; _builder_version=&#8220;4.27.0&#8243; _module_preset=&#8220;default&#8220; custom_margin=&#8220;||27px|||&#8220; global_colors_info=&#8220;{}&#8220;][\/et_pb_image][et_pb_button button_url=&#8220;https:\/\/www.filus-system.de\/?page_id=1393&#8243; button_text=&#8220;Weitere Informationen&#8220; button_alignment=&#8220;center&#8220; _builder_version=&#8220;4.27.0&#8243; _module_preset=&#8220;default&#8220; custom_button=&#8220;on&#8220; button_text_size=&#8220;18px&#8220; button_text_color=&#8220;#000000&#8243; button_border_width=&#8220;2px&#8220; button_border_color=&#8220;#8f7d50&#8243; button_font=&#8220;Montserrat||||||||&#8220; button_icon=&#8220;&#x24;||divi||400&#8243; custom_margin=&#8220;-13px|||||&#8220; hover_enabled=&#8220;0&#8243; global_colors_info=&#8220;{}&#8220; button_text_size_last_edited=&#8220;on|phone&#8220; button_text_size_phone=&#8220;14px&#8220; sticky_enabled=&#8220;0&#8243; button_text_size_tablet=&#8220;18px&#8220;][\/et_pb_button][\/et_pb_column][et_pb_column type=&#8220;1_3&#8243; _builder_version=&#8220;4.27.0&#8243; _module_preset=&#8220;default&#8220; global_colors_info=&#8220;{}&#8220;][et_pb_image src=&#8220;https:\/\/www.filus-system.de\/wp-content\/uploads\/2024\/08\/Gesetz3.png&#8220; title_text=&#8220;Gesetz3&#8243; _builder_version=&#8220;4.27.0&#8243; _module_preset=&#8220;default&#8220; global_colors_info=&#8220;{}&#8220;][\/et_pb_image][et_pb_button button_url=&#8220;https:\/\/www.filus-system.de\/?page_id=1405&#8243; button_text=&#8220;Weitere Informationen&#8220; button_alignment=&#8220;center&#8220; _builder_version=&#8220;4.27.0&#8243; _module_preset=&#8220;default&#8220; custom_button=&#8220;on&#8220; button_text_size=&#8220;18px&#8220; button_text_color=&#8220;#000000&#8243; button_border_width=&#8220;2px&#8220; button_border_color=&#8220;#8f7d50&#8243; button_font=&#8220;Montserrat||||||||&#8220; button_icon=&#8220;&#x24;||divi||400&#8243; custom_margin=&#8220;-13px|||||&#8220; hover_enabled=&#8220;0&#8243; global_colors_info=&#8220;{}&#8220; button_text_size_last_edited=&#8220;on|phone&#8220; button_text_size_phone=&#8220;14px&#8220; sticky_enabled=&#8220;0&#8243; button_text_size_tablet=&#8220;18px&#8220;][\/et_pb_button][\/et_pb_column][\/et_pb_row][et_pb_row column_structure=&#8220;1_3,1_3,1_3&#8243; _builder_version=&#8220;4.27.0&#8243; _module_preset=&#8220;default&#8220; width_tablet=&#8220;52%&#8220; width_phone=&#8220;52%&#8220; width_last_edited=&#8220;on|tablet&#8220; custom_margin=&#8220;-20px|auto||auto||&#8220; animation_style=&#8220;fade&#8220; hover_enabled=&#8220;0&#8243; global_colors_info=&#8220;{}&#8220; custom_margin_last_edited=&#8220;on|phone&#8220; custom_margin_phone=&#8220;-24px|auto||auto|false|false&#8220; sticky_enabled=&#8220;0&#8243; custom_margin_tablet=&#8220;-20px|auto||auto||&#8220;][et_pb_column type=&#8220;1_3&#8243; _builder_version=&#8220;4.27.0&#8243; _module_preset=&#8220;default&#8220; global_colors_info=&#8220;{}&#8220;][et_pb_image src=&#8220;https:\/\/www.filus-system.de\/wp-content\/uploads\/2024\/08\/Gesetz4.png&#8220; title_text=&#8220;Gesetz4&#8243; _builder_version=&#8220;4.27.0&#8243; _module_preset=&#8220;default&#8220; global_colors_info=&#8220;{}&#8220;][\/et_pb_image][et_pb_button button_url=&#8220;https:\/\/www.filus-system.de\/?page_id=1411&#8243; button_text=&#8220;Weitere Informationen&#8220; button_alignment=&#8220;center&#8220; _builder_version=&#8220;4.27.0&#8243; _module_preset=&#8220;default&#8220; custom_button=&#8220;on&#8220; button_text_size=&#8220;18px&#8220; button_text_color=&#8220;#000000&#8243; button_border_width=&#8220;2px&#8220; button_border_color=&#8220;#8f7d50&#8243; button_font=&#8220;Montserrat||||||||&#8220; button_icon=&#8220;&#x24;||divi||400&#8243; custom_margin=&#8220;-18px|||||&#8220; hover_enabled=&#8220;0&#8243; global_colors_info=&#8220;{}&#8220; button_text_size_last_edited=&#8220;on|phone&#8220; button_text_size_phone=&#8220;14px&#8220; sticky_enabled=&#8220;0&#8243; button_text_size_tablet=&#8220;18px&#8220;][\/et_pb_button][\/et_pb_column][et_pb_column type=&#8220;1_3&#8243; _builder_version=&#8220;4.27.0&#8243; _module_preset=&#8220;default&#8220; global_colors_info=&#8220;{}&#8220;][et_pb_image src=&#8220;https:\/\/www.filus-system.de\/wp-content\/uploads\/2024\/08\/Gesetz5.png&#8220; title_text=&#8220;Gesetz5&#8243; _builder_version=&#8220;4.27.0&#8243; _module_preset=&#8220;default&#8220; global_colors_info=&#8220;{}&#8220;][\/et_pb_image][et_pb_button button_url=&#8220;https:\/\/www.filus-system.de\/?page_id=1428&#8243; button_text=&#8220;Weitere Informationen&#8220; button_alignment=&#8220;center&#8220; _builder_version=&#8220;4.27.0&#8243; _module_preset=&#8220;default&#8220; custom_button=&#8220;on&#8220; button_text_size=&#8220;18px&#8220; button_text_color=&#8220;#000000&#8243; button_border_width=&#8220;2px&#8220; button_border_color=&#8220;#8f7d50&#8243; button_font=&#8220;Montserrat||||||||&#8220; button_icon=&#8220;&#x24;||divi||400&#8243; custom_margin=&#8220;-26px|||||&#8220; hover_enabled=&#8220;0&#8243; global_colors_info=&#8220;{}&#8220; button_text_size_last_edited=&#8220;on|phone&#8220; button_text_size_phone=&#8220;14px&#8220; sticky_enabled=&#8220;0&#8243; button_text_size_tablet=&#8220;18px&#8220;][\/et_pb_button][\/et_pb_column][et_pb_column type=&#8220;1_3&#8243; _builder_version=&#8220;4.27.0&#8243; _module_preset=&#8220;default&#8220; global_colors_info=&#8220;{}&#8220;][et_pb_image src=&#8220;https:\/\/www.filus-system.de\/wp-content\/uploads\/2024\/08\/Gesetz6.png&#8220; title_text=&#8220;Gesetz6&#8243; _builder_version=&#8220;4.27.0&#8243; _module_preset=&#8220;default&#8220; global_colors_info=&#8220;{}&#8220;][\/et_pb_image][et_pb_button button_url=&#8220;https:\/\/www.filus-system.de\/?page_id=1444&#8243; button_text=&#8220;Weitere Informationen&#8220; button_alignment=&#8220;center&#8220; _builder_version=&#8220;4.27.0&#8243; _module_preset=&#8220;default&#8220; custom_button=&#8220;on&#8220; button_text_size=&#8220;18px&#8220; button_text_color=&#8220;#000000&#8243; button_border_width=&#8220;2px&#8220; button_border_color=&#8220;#8f7d50&#8243; button_font=&#8220;Montserrat||||||||&#8220; button_icon=&#8220;&#x24;||divi||400&#8243; custom_margin=&#8220;-13px|||||&#8220; hover_enabled=&#8220;0&#8243; global_colors_info=&#8220;{}&#8220; button_text_size_last_edited=&#8220;on|phone&#8220; button_text_size_phone=&#8220;14px&#8220; sticky_enabled=&#8220;0&#8243; button_text_size_tablet=&#8220;18px&#8220;][\/et_pb_button][\/et_pb_column][\/et_pb_row][et_pb_row _builder_version=&#8220;4.27.0&#8243; _module_preset=&#8220;default&#8220; custom_margin_tablet=&#8220;&#8220; custom_margin_phone=&#8220;-22px||||false|false&#8220; custom_margin_last_edited=&#8220;on|phone&#8220; global_colors_info=&#8220;{}&#8220;][et_pb_column type=&#8220;4_4&#8243; _builder_version=&#8220;4.27.0&#8243; _module_preset=&#8220;default&#8220; global_colors_info=&#8220;{}&#8220;][et_pb_divider _builder_version=&#8220;4.27.0&#8243; _module_preset=&#8220;default&#8220; animation_style=&#8220;fade&#8220; global_colors_info=&#8220;{}&#8220;][\/et_pb_divider][\/et_pb_column][\/et_pb_row][et_pb_row column_structure=&#8220;3_5,2_5&#8243; _builder_version=&#8220;4.27.0&#8243; _module_preset=&#8220;default&#8220; custom_margin_tablet=&#8220;&#8220; custom_margin_phone=&#8220;-27px||||false|false&#8220; custom_margin_last_edited=&#8220;on|phone&#8220; custom_padding=&#8220;7px|||||&#8220; animation_style=&#8220;fade&#8220; module_alignment_tablet=&#8220;center&#8220; module_alignment_phone=&#8220;center&#8220; module_alignment_last_edited=&#8220;on|tablet&#8220; locked=&#8220;off&#8220; global_colors_info=&#8220;{}&#8220;][et_pb_column type=&#8220;3_5&#8243; _builder_version=&#8220;4.27.0&#8243; _module_preset=&#8220;default&#8220; global_colors_info=&#8220;{}&#8220;][et_pb_heading title=&#8220;Die L\u00f6sung:&#8220; _builder_version=&#8220;4.27.0&#8243; _module_preset=&#8220;default&#8220; title_font=&#8220;Montserrat|600|||||||&#8220; title_text_color=&#8220;#8f7d50&#8243; title_font_size=&#8220;35px&#8220; title_text_align_tablet=&#8220;center&#8220; title_text_align_phone=&#8220;center&#8220; title_text_align_last_edited=&#8220;on|phone&#8220; title_font_size_tablet=&#8220;28px&#8220; title_font_size_phone=&#8220;22px&#8220; title_font_size_last_edited=&#8220;on|phone&#8220; global_colors_info=&#8220;{}&#8220;][\/et_pb_heading][et_pb_text _builder_version=&#8220;4.27.0&#8243; _module_preset=&#8220;default&#8220; text_font=&#8220;Montserrat|600|||||||&#8220; text_text_color=&#8220;#000000&#8243; text_font_size=&#8220;20px&#8220; text_line_height=&#8220;1.3em&#8220; custom_margin_tablet=&#8220;&#8220; custom_margin_phone=&#8220;-22px||||false|false&#8220; custom_margin_last_edited=&#8220;on|phone&#8220; text_font_size_tablet=&#8220;20px&#8220; text_font_size_phone=&#8220;16px&#8220; text_font_size_last_edited=&#8220;on|phone&#8220; text_orientation_tablet=&#8220;center&#8220; text_orientation_phone=&#8220;center&#8220; text_orientation_last_edited=&#8220;on|phone&#8220; global_colors_info=&#8220;{}&#8220;]<\/p>\n<p>Setzen Sie sich mit uns in Verbindung, denn wir bieten Ihnen mit dem Filus-System nicht nur eine sichere, sondern auch eine erfolgsversprechende L\u00f6sung.<\/p>\n<p>[\/et_pb_text][et_pb_button button_url=&#8220;https:\/\/www.filus-system.de\/?page_id=172&#8243; button_text=&#8220;Kontaktieren Sie uns&#8220; button_alignment_tablet=&#8220;center&#8220; button_alignment_phone=&#8220;center&#8220; button_alignment_last_edited=&#8220;on|phone&#8220; _builder_version=&#8220;4.27.0&#8243; _module_preset=&#8220;default&#8220; custom_button=&#8220;on&#8220; button_text_size=&#8220;20px&#8220; button_bg_color=&#8220;#eaeaea&#8220; button_border_color=&#8220;#8f7d50&#8243; button_font=&#8220;Montserrat|600|||||||&#8220; button_icon=&#8220;&#x24;||divi||400&#8243; button_text_size_tablet=&#8220;20px&#8220; button_text_size_phone=&#8220;18px&#8220; button_text_size_last_edited=&#8220;on|phone&#8220; global_colors_info=&#8220;{}&#8220;][\/et_pb_button][\/et_pb_column][et_pb_column type=&#8220;2_5&#8243; _builder_version=&#8220;4.27.0&#8243; _module_preset=&#8220;default&#8220; global_colors_info=&#8220;{}&#8220;][et_pb_image src=&#8220;https:\/\/www.filus-system.de\/wp-content\/uploads\/2024\/08\/7-e1725016102934.png&#8220; title_text=&#8220;7&#8243; align_tablet=&#8220;center&#8220; align_phone=&#8220;center&#8220; align_last_edited=&#8220;on|phone&#8220; _builder_version=&#8220;4.27.0&#8243; _module_preset=&#8220;default&#8220; max_width_tablet=&#8220;&#8220; max_width_phone=&#8220;89%&#8220; max_width_last_edited=&#8220;on|phone&#8220; min_height=&#8220;100px&#8220; height=&#8220;242px&#8220; module_alignment_tablet=&#8220;&#8220; module_alignment_phone=&#8220;center&#8220; module_alignment_last_edited=&#8220;on|phone&#8220; global_colors_info=&#8220;{}&#8220;][\/et_pb_image][\/et_pb_column][\/et_pb_row][\/et_pb_section]<\/p>\n","protected":false},"excerpt":{"rendered":"<p>Der Staat hat in den letzten Jahren einige Gesetze und Paragrafen erlassen, die vielen Kunden nicht bekannt sind.Kommen diese zum tragen, k\u00f6nnen daraus erhebliche Verm\u00f6gensverluste resultieren.Um diesen entgegenwirken zu k\u00f6nnen, sollten Sie Kenntnis \u00fcber die \u00c4nderungen haben und fr\u00fchzeitig handeln. Wir helfen gerne dabei, m\u00f6glichen Risiken f\u00fcr Verm\u00f6gensverluste fr\u00fchzeitig zu erkennen, um die Potenziale f\u00fcr [&hellip;]<\/p>\n","protected":false},"author":1,"featured_media":0,"parent":0,"menu_order":0,"comment_status":"closed","ping_status":"closed","template":"","meta":{"_et_pb_use_builder":"on","_et_pb_old_content":"","_et_gb_content_width":"","footnotes":""},"class_list":["post-1061","page","type-page","status-publish","hentry"],"_links":{"self":[{"href":"https:\/\/www.filus-system.de\/index.php?rest_route=\/wp\/v2\/pages\/1061","targetHints":{"allow":["GET"]}}],"collection":[{"href":"https:\/\/www.filus-system.de\/index.php?rest_route=\/wp\/v2\/pages"}],"about":[{"href":"https:\/\/www.filus-system.de\/index.php?rest_route=\/wp\/v2\/types\/page"}],"author":[{"embeddable":true,"href":"https:\/\/www.filus-system.de\/index.php?rest_route=\/wp\/v2\/users\/1"}],"replies":[{"embeddable":true,"href":"https:\/\/www.filus-system.de\/index.php?rest_route=%2Fwp%2Fv2%2Fcomments&post=1061"}],"version-history":[{"count":45,"href":"https:\/\/www.filus-system.de\/index.php?rest_route=\/wp\/v2\/pages\/1061\/revisions"}],"predecessor-version":[{"id":1908,"href":"https:\/\/www.filus-system.de\/index.php?rest_route=\/wp\/v2\/pages\/1061\/revisions\/1908"}],"wp:attachment":[{"href":"https:\/\/www.filus-system.de\/index.php?rest_route=%2Fwp%2Fv2%2Fmedia&parent=1061"}],"curies":[{"name":"wp","href":"https:\/\/api.w.org\/{rel}","templated":true}]}}